{"id":196,"date":"2023-01-18T21:27:29","date_gmt":"2023-01-19T02:27:29","guid":{"rendered":"https:\/\/fedemaderas.org.co\/congreso-nacional-industriales-madera\/?page_id=196"},"modified":"2024-03-14T19:41:47","modified_gmt":"2024-03-15T00:41:47","slug":"pre-congresos","status":"publish","type":"page","link":"https:\/\/fedemaderas.org.co\/congreso-nacional-industriales-madera\/pre-congresos\/","title":{"rendered":"Pre Congresos"},"content":{"rendered":"\t\t<div data-elementor-type=\"wp-page\" data-elementor-id=\"196\" class=\"elementor elementor-196\">\n\t\t\t\t\t\t\t<div class=\"elementor-element elementor-element-9d3f259 e-flex e-con-boxed e-con e-parent\" data-id=\"9d3f259\" data-element_type=\"container\" data-settings=\"{&quot;content_width&quot;:&quot;boxed&quot;}\" data-core-v316-plus=\"true\">\n\t\t\t\t\t<div class=\"e-con-inner\">\n\t\t\t\t<div class=\"elementor-element elementor-element-340fb2b elementor-widget elementor-widget-heading\" data-id=\"340fb2b\" data-element_type=\"widget\" data-widget_type=\"heading.default\">\n\t\t\t\t<div class=\"elementor-widget-container\">\n\t\t\t<style>\/*! elementor - v3.18.0 - 20-12-2023 *\/\n.elementor-heading-title{padding:0;margin:0;line-height:1}.elementor-widget-heading .elementor-heading-title[class*=elementor-size-]>a{color:inherit;font-size:inherit;line-height:inherit}.elementor-widget-heading .elementor-heading-title.elementor-size-small{font-size:15px}.elementor-widget-heading .elementor-heading-title.elementor-size-medium{font-size:19px}.elementor-widget-heading .elementor-heading-title.elementor-size-large{font-size:29px}.elementor-widget-heading .elementor-heading-title.elementor-size-xl{font-size:39px}.elementor-widget-heading .elementor-heading-title.elementor-size-xxl{font-size:59px}<\/style><h4 class=\"elementor-heading-title elementor-size-default\">Pre Congresos, II CONGRESO NACIONAL DE INDUSTRIALES DE LA MADERA: <\/h4>\t\t<\/div>\n\t\t\t\t<\/div>\n\t\t\t\t\t<\/div>\n\t\t\t\t<\/div>\n\t\t<div class=\"elementor-element elementor-element-50ae2df e-flex e-con-boxed e-con e-parent\" data-id=\"50ae2df\" data-element_type=\"container\" data-settings=\"{&quot;content_width&quot;:&quot;boxed&quot;}\" data-core-v316-plus=\"true\">\n\t\t\t\t\t<div class=\"e-con-inner\">\n\t\t\t\t<div class=\"elementor-element elementor-element-327c78a elementor-widget elementor-widget-text-editor\" data-id=\"327c78a\" data-element_type=\"widget\" data-widget_type=\"text-editor.default\">\n\t\t\t\t<div class=\"elementor-widget-container\">\n\t\t\t<style>\/*! elementor - v3.18.0 - 20-12-2023 *\/\n.elementor-widget-text-editor.elementor-drop-cap-view-stacked .elementor-drop-cap{background-color:#69727d;color:#fff}.elementor-widget-text-editor.elementor-drop-cap-view-framed .elementor-drop-cap{color:#69727d;border:3px solid;background-color:transparent}.elementor-widget-text-editor:not(.elementor-drop-cap-view-default) .elementor-drop-cap{margin-top:8px}.elementor-widget-text-editor:not(.elementor-drop-cap-view-default) .elementor-drop-cap-letter{width:1em;height:1em}.elementor-widget-text-editor .elementor-drop-cap{float:left;text-align:center;line-height:1;font-size:50px}.elementor-widget-text-editor .elementor-drop-cap-letter{display:inline-block}<\/style>\t\t\t\t<p style=\"text-align: center;\"><strong>Objetivo general Pre Congresos:<\/strong> consistente en tres jornadas, de dos horas cada una, tiene como objetivo abordar planteamientos regionales desde la proveedur\u00eda de productos y servicios del bosque natural y de las plantaciones forestales comerciales, como determinantes para una econom\u00eda forestal que conduzca a un mayor grado de industrializaci\u00f3n desde las regiones. Por ello, son pre\u00e1mbulos de la mayor importancia para la realizaci\u00f3n del II Congreso Nacional de Industriales de la Madera. \u00a0<\/p>\t\t\t\t\t\t<\/div>\n\t\t\t\t<\/div>\n\t\t\t\t\t<\/div>\n\t\t\t\t<\/div>\n\t\t<div class=\"elementor-element elementor-element-45ca4d9 e-con-full e-flex e-con e-parent\" data-id=\"45ca4d9\" data-element_type=\"container\" data-settings=\"{&quot;content_width&quot;:&quot;full&quot;}\" data-core-v316-plus=\"true\">\n\t\t\t\t<div class=\"elementor-element elementor-element-f132e46 elementor-tabs-view-vertical elementor-widget elementor-widget-tabs\" data-id=\"f132e46\" data-element_type=\"widget\" data-widget_type=\"tabs.default\">\n\t\t\t\t<div class=\"elementor-widget-container\">\n\t\t\t<style>\/*! elementor - v3.18.0 - 20-12-2023 *\/\n.elementor-widget-tabs.elementor-tabs-view-vertical .elementor-tabs-wrapper{width:25%;flex-shrink:0}.elementor-widget-tabs.elementor-tabs-view-vertical .elementor-tab-desktop-title.elementor-active{border-right-style:none}.elementor-widget-tabs.elementor-tabs-view-vertical .elementor-tab-desktop-title.elementor-active:after,.elementor-widget-tabs.elementor-tabs-view-vertical .elementor-tab-desktop-title.elementor-active:before{height:999em;width:0;right:0;border-right-style:solid}.elementor-widget-tabs.elementor-tabs-view-vertical .elementor-tab-desktop-title.elementor-active:before{top:0;transform:translateY(-100%)}.elementor-widget-tabs.elementor-tabs-view-vertical .elementor-tab-desktop-title.elementor-active:after{top:100%}.elementor-widget-tabs.elementor-tabs-view-horizontal .elementor-tab-desktop-title{display:table-cell}.elementor-widget-tabs.elementor-tabs-view-horizontal .elementor-tab-desktop-title.elementor-active{border-bottom-style:none}.elementor-widget-tabs.elementor-tabs-view-horizontal .elementor-tab-desktop-title.elementor-active:after,.elementor-widget-tabs.elementor-tabs-view-horizontal .elementor-tab-desktop-title.elementor-active:before{bottom:0;height:0;width:999em;border-bottom-style:solid}.elementor-widget-tabs.elementor-tabs-view-horizontal .elementor-tab-desktop-title.elementor-active:before{right:100%}.elementor-widget-tabs.elementor-tabs-view-horizontal .elementor-tab-desktop-title.elementor-active:after{left:100%}.elementor-widget-tabs .elementor-tab-content,.elementor-widget-tabs .elementor-tab-title,.elementor-widget-tabs .elementor-tab-title:after,.elementor-widget-tabs .elementor-tab-title:before,.elementor-widget-tabs .elementor-tabs-content-wrapper{border:1px #d5d8dc}.elementor-widget-tabs .elementor-tabs{text-align:left}.elementor-widget-tabs .elementor-tabs-wrapper{overflow:hidden}.elementor-widget-tabs .elementor-tab-title{cursor:pointer;outline:var(--focus-outline,none)}.elementor-widget-tabs .elementor-tab-desktop-title{position:relative;padding:20px 25px;font-weight:700;line-height:1;border:solid transparent}.elementor-widget-tabs .elementor-tab-desktop-title.elementor-active{border-color:#d5d8dc}.elementor-widget-tabs .elementor-tab-desktop-title.elementor-active:after,.elementor-widget-tabs .elementor-tab-desktop-title.elementor-active:before{display:block;content:\"\";position:absolute}.elementor-widget-tabs .elementor-tab-desktop-title:focus-visible{border:1px solid #000}.elementor-widget-tabs .elementor-tab-mobile-title{padding:10px;cursor:pointer}.elementor-widget-tabs .elementor-tab-content{padding:20px;display:none}@media (max-width:767px){.elementor-tabs .elementor-tab-content,.elementor-tabs .elementor-tab-title{border-style:solid solid none}.elementor-tabs .elementor-tabs-wrapper{display:none}.elementor-tabs .elementor-tabs-content-wrapper{border-bottom-style:solid}.elementor-tabs .elementor-tab-content{padding:10px}}@media (min-width:768px){.elementor-widget-tabs.elementor-tabs-view-vertical .elementor-tabs{display:flex}.elementor-widget-tabs.elementor-tabs-view-vertical .elementor-tabs-wrapper{flex-direction:column}.elementor-widget-tabs.elementor-tabs-view-vertical .elementor-tabs-content-wrapper{flex-grow:1;border-style:solid solid solid none}.elementor-widget-tabs.elementor-tabs-view-horizontal .elementor-tab-content{border-style:none solid solid}.elementor-widget-tabs.elementor-tabs-alignment-center .elementor-tabs-wrapper,.elementor-widget-tabs.elementor-tabs-alignment-end .elementor-tabs-wrapper,.elementor-widget-tabs.elementor-tabs-alignment-stretch .elementor-tabs-wrapper{display:flex}.elementor-widget-tabs.elementor-tabs-alignment-center .elementor-tabs-wrapper{justify-content:center}.elementor-widget-tabs.elementor-tabs-alignment-end .elementor-tabs-wrapper{justify-content:flex-end}.elementor-widget-tabs.elementor-tabs-alignment-stretch.elementor-tabs-view-horizontal .elementor-tab-title{width:100%}.elementor-widget-tabs.elementor-tabs-alignment-stretch.elementor-tabs-view-vertical .elementor-tab-title{height:100%}.elementor-tabs .elementor-tab-mobile-title{display:none}}<\/style>\t\t<div class=\"elementor-tabs\">\n\t\t\t<div class=\"elementor-tabs-wrapper\" role=\"tablist\" >\n\t\t\t\t\t\t\t\t\t<div id=\"elementor-tab-title-2521\" class=\"elementor-tab-title elementor-tab-desktop-title\" aria-selected=\"true\" data-tab=\"1\" role=\"tab\" tabindex=\"0\" aria-controls=\"elementor-tab-content-2521\" aria-expanded=\"false\">Video d\u00eda 1<\/div>\n\t\t\t\t\t\t\t\t\t<div id=\"elementor-tab-title-2522\" class=\"elementor-tab-title elementor-tab-desktop-title\" aria-selected=\"false\" data-tab=\"2\" role=\"tab\" tabindex=\"-1\" aria-controls=\"elementor-tab-content-2522\" aria-expanded=\"false\">Video d\u00eda 2<\/div>\n\t\t\t\t\t\t\t\t\t<div id=\"elementor-tab-title-2523\" class=\"elementor-tab-title elementor-tab-desktop-title\" aria-selected=\"false\" data-tab=\"3\" role=\"tab\" tabindex=\"-1\" aria-controls=\"elementor-tab-content-2523\" aria-expanded=\"false\">Video d\u00eda 3<\/div>\n\t\t\t\t\t\t\t<\/div>\n\t\t\t<div class=\"elementor-tabs-content-wrapper\" role=\"tablist\" aria-orientation=\"vertical\">\n\t\t\t\t\t\t\t\t\t<div class=\"elementor-tab-title elementor-tab-mobile-title\" aria-selected=\"true\" data-tab=\"1\" role=\"tab\" tabindex=\"0\" aria-controls=\"elementor-tab-content-2521\" aria-expanded=\"false\">Video d\u00eda 1<\/div>\n\t\t\t\t\t<div id=\"elementor-tab-content-2521\" class=\"elementor-tab-content elementor-clearfix\" data-tab=\"1\" role=\"tabpanel\" aria-labelledby=\"elementor-tab-title-2521\" tabindex=\"0\" hidden=\"false\"><p><iframe title=\"YouTube video player\" src=\"https:\/\/www.youtube.com\/embed\/Xq6xkjZ5ZHw?si=HDqXNo1qLi3qMQi4\" width=\"560\" height=\"315\" frameborder=\"0\" allowfullscreen=\"allowfullscreen\"><\/iframe><\/p><p>\u00a0<\/p><p><strong>Objetivos d\u00eda 1 y 2:<\/strong> discutir sobre la contribuci\u00f3n del manejo forestal sostenible del bosque natural a la econom\u00eda forestal, y algunos determinantes para su desarrollo futuro como lo son: el desarrollo de cadenas, la comercializaci\u00f3n de productos y su articulaci\u00f3n con la industria transformadora, los lineamientos de pol\u00edtica p\u00fablica y las iniciativas regionales.<\/p><p><img fetchpriority=\"high\" decoding=\"async\" class=\"aligncenter wp-image-1531 size-full\" src=\"https:\/\/fedemaderas.org.co\/congreso-nacional-industriales-madera\/wp-content\/uploads\/2024\/03\/precongreso-dia1-mar6.png\" alt=\"\" width=\"2000\" height=\"1545\" srcset=\"https:\/\/fedemaderas.org.co\/congreso-nacional-industriales-madera\/wp-content\/uploads\/2024\/03\/precongreso-dia1-mar6.png 2000w, https:\/\/fedemaderas.org.co\/congreso-nacional-industriales-madera\/wp-content\/uploads\/2024\/03\/precongreso-dia1-mar6-300x232.png 300w, https:\/\/fedemaderas.org.co\/congreso-nacional-industriales-madera\/wp-content\/uploads\/2024\/03\/precongreso-dia1-mar6-1024x791.png 1024w, https:\/\/fedemaderas.org.co\/congreso-nacional-industriales-madera\/wp-content\/uploads\/2024\/03\/precongreso-dia1-mar6-768x593.png 768w, https:\/\/fedemaderas.org.co\/congreso-nacional-industriales-madera\/wp-content\/uploads\/2024\/03\/precongreso-dia1-mar6-1536x1187.png 1536w\" sizes=\"(max-width: 2000px) 100vw, 2000px\" \/><\/p><\/div>\n\t\t\t\t\t\t\t\t\t<div class=\"elementor-tab-title elementor-tab-mobile-title\" aria-selected=\"false\" data-tab=\"2\" role=\"tab\" tabindex=\"-1\" aria-controls=\"elementor-tab-content-2522\" aria-expanded=\"false\">Video d\u00eda 2<\/div>\n\t\t\t\t\t<div id=\"elementor-tab-content-2522\" class=\"elementor-tab-content elementor-clearfix\" data-tab=\"2\" role=\"tabpanel\" aria-labelledby=\"elementor-tab-title-2522\" tabindex=\"0\" hidden=\"hidden\"><p><iframe title=\"YouTube video player\" src=\"https:\/\/www.youtube.com\/embed\/ACNyC1l0_-U?si=X3OM_pxiyfNYwWe1\" width=\"560\" height=\"315\" frameborder=\"0\" allowfullscreen=\"allowfullscreen\"><\/iframe><\/p><p>\u00a0<br \/><strong><span style=\"color: var( --e-global-color-text );\">Objetivos d\u00eda 1 y 2:<\/span><\/strong><span style=\"color: var( --e-global-color-text );\"> discutir sobre la contribuci\u00f3n del manejo forestal sostenible del bosque natural a la econom\u00eda forestal, y algunos determinantes para su desarrollo futuro como lo son: el desarrollo de cadenas, la comercializaci\u00f3n de productos y su articulaci\u00f3n con la industria transformadora, los lineamientos de pol\u00edtica p\u00fablica y las iniciativas regionales.<\/span><\/p><p><img decoding=\"async\" class=\"aligncenter wp-image-1533 size-full\" src=\"https:\/\/fedemaderas.org.co\/congreso-nacional-industriales-madera\/wp-content\/uploads\/2024\/03\/precongreso-dia2-mar6.png\" alt=\"\" width=\"2000\" height=\"1545\" srcset=\"https:\/\/fedemaderas.org.co\/congreso-nacional-industriales-madera\/wp-content\/uploads\/2024\/03\/precongreso-dia2-mar6.png 2000w, https:\/\/fedemaderas.org.co\/congreso-nacional-industriales-madera\/wp-content\/uploads\/2024\/03\/precongreso-dia2-mar6-300x232.png 300w, https:\/\/fedemaderas.org.co\/congreso-nacional-industriales-madera\/wp-content\/uploads\/2024\/03\/precongreso-dia2-mar6-1024x791.png 1024w, https:\/\/fedemaderas.org.co\/congreso-nacional-industriales-madera\/wp-content\/uploads\/2024\/03\/precongreso-dia2-mar6-768x593.png 768w, https:\/\/fedemaderas.org.co\/congreso-nacional-industriales-madera\/wp-content\/uploads\/2024\/03\/precongreso-dia2-mar6-1536x1187.png 1536w\" sizes=\"(max-width: 2000px) 100vw, 2000px\" \/><\/p><\/div>\n\t\t\t\t\t\t\t\t\t<div class=\"elementor-tab-title elementor-tab-mobile-title\" aria-selected=\"false\" data-tab=\"3\" role=\"tab\" tabindex=\"-1\" aria-controls=\"elementor-tab-content-2523\" aria-expanded=\"false\">Video d\u00eda 3<\/div>\n\t\t\t\t\t<div id=\"elementor-tab-content-2523\" class=\"elementor-tab-content elementor-clearfix\" data-tab=\"3\" role=\"tabpanel\" aria-labelledby=\"elementor-tab-title-2523\" tabindex=\"0\" hidden=\"hidden\"><p><iframe title=\"YouTube video player\" src=\"https:\/\/www.youtube.com\/embed\/Sn_3kp2Pmag?si=_Fpb8_TyvbLcaTPx\" width=\"560\" height=\"315\" frameborder=\"0\" allowfullscreen=\"allowfullscreen\"><\/iframe><\/p>\n<p><strong><br><\/strong><\/p><p><strong>Objetivos d\u00eda 3:<\/strong> discutir, bajo un contexto de fortalezas y oportunidades, las condiciones de cuatro elementos que componen la ecuaci\u00f3n de la econom\u00eda forestal y el desarrollo de la industria de la transformaci\u00f3n de la madera, desde las plantaciones forestales comerciales. A saber: el carbono, la tierra, la investigaci\u00f3n y gen\u00e9tica de cara a la mejora en productividad y las condiciones de mercado.<\/p>\n<p><img decoding=\"async\" class=\"aligncenter wp-image-1534 size-full\" src=\"https:\/\/fedemaderas.org.co\/congreso-nacional-industriales-madera\/wp-content\/uploads\/2024\/03\/precongreso-dia3-mar6.png\" alt=\"\" width=\"2000\" height=\"1545\" srcset=\"https:\/\/fedemaderas.org.co\/congreso-nacional-industriales-madera\/wp-content\/uploads\/2024\/03\/precongreso-dia3-mar6.png 2000w, https:\/\/fedemaderas.org.co\/congreso-nacional-industriales-madera\/wp-content\/uploads\/2024\/03\/precongreso-dia3-mar6-300x232.png 300w, https:\/\/fedemaderas.org.co\/congreso-nacional-industriales-madera\/wp-content\/uploads\/2024\/03\/precongreso-dia3-mar6-1024x791.png 1024w, https:\/\/fedemaderas.org.co\/congreso-nacional-industriales-madera\/wp-content\/uploads\/2024\/03\/precongreso-dia3-mar6-768x593.png 768w, https:\/\/fedemaderas.org.co\/congreso-nacional-industriales-madera\/wp-content\/uploads\/2024\/03\/precongreso-dia3-mar6-1536x1187.png 1536w\" sizes=\"(max-width: 2000px) 100vw, 2000px\" \/><\/p><\/div>\n\t\t\t\t\t\t\t<\/div>\n\t\t<\/div>\n\t\t\t\t<\/div>\n\t\t\t\t<\/div>\n\t\t\t\t<\/div>\n\t\t\t\t\t\t\t<\/div>\n\t\t","protected":false},"excerpt":{"rendered":"<p>Pre Congresos, II CONGRESO NACIONAL DE INDUSTRIALES DE LA MADERA: Objetivo general Pre Congresos: consistente en tres jornadas, de dos horas cada una, tiene como objetivo abordar planteamientos regionales desde la proveedur\u00eda de productos y servicios del bosque natural y de las plantaciones forestales comerciales, como determinantes para una econom\u00eda forestal que conduzca a un &hellip; <\/p>\n","protected":false},"author":1,"featured_media":0,"parent":0,"menu_order":0,"comment_status":"closed","ping_status":"closed","template":"","meta":{"footnotes":""},"class_list":["post-196","page","type-page","status-publish","hentry"],"_links":{"self":[{"href":"https:\/\/fedemaderas.org.co\/congreso-nacional-industriales-madera\/wp-json\/wp\/v2\/pages\/196","targetHints":{"allow":["GET"]}}],"collection":[{"href":"https:\/\/fedemaderas.org.co\/congreso-nacional-industriales-madera\/wp-json\/wp\/v2\/pages"}],"about":[{"href":"https:\/\/fedemaderas.org.co\/congreso-nacional-industriales-madera\/wp-json\/wp\/v2\/types\/page"}],"author":[{"embeddable":true,"href":"https:\/\/fedemaderas.org.co\/congreso-nacional-industriales-madera\/wp-json\/wp\/v2\/users\/1"}],"replies":[{"embeddable":true,"href":"https:\/\/fedemaderas.org.co\/congreso-nacional-industriales-madera\/wp-json\/wp\/v2\/comments?post=196"}],"version-history":[{"count":181,"href":"https:\/\/fedemaderas.org.co\/congreso-nacional-industriales-madera\/wp-json\/wp\/v2\/pages\/196\/revisions"}],"predecessor-version":[{"id":1630,"href":"https:\/\/fedemaderas.org.co\/congreso-nacional-industriales-madera\/wp-json\/wp\/v2\/pages\/196\/revisions\/1630"}],"wp:attachment":[{"href":"https:\/\/fedemaderas.org.co\/congreso-nacional-industriales-madera\/wp-json\/wp\/v2\/media?parent=196"}],"curies":[{"name":"wp","href":"https:\/\/api.w.org\/{rel}","templated":true}]}}