{"id":1983,"date":"2025-03-12T09:25:53","date_gmt":"2025-03-12T14:25:53","guid":{"rendered":"https:\/\/fedemaderas.org.co\/congreso-nacional-industriales-madera\/?page_id=1983"},"modified":"2025-05-21T09:06:50","modified_gmt":"2025-05-21T14:06:50","slug":"iii-pre-congreso","status":"publish","type":"page","link":"https:\/\/fedemaderas.org.co\/congreso-nacional-industriales-madera\/iii-pre-congreso\/","title":{"rendered":"III Pre Congreso"},"content":{"rendered":"\n<figure class=\"wp-block-embed is-type-video is-provider-youtube wp-block-embed-youtube wp-embed-aspect-4-3 wp-has-aspect-ratio\"><div class=\"wp-block-embed__wrapper\">\n<iframe title=\"III Pre Congreso Nacional de Industriales de la Madera\" width=\"640\" height=\"480\" src=\"https:\/\/www.youtube.com\/embed\/UAGRbbk2CuU?feature=oembed\" frameborder=\"0\" allow=\"accelerometer; autoplay; clipboard-write; encrypted-media; gyroscope; picture-in-picture; web-share\" referrerpolicy=\"strict-origin-when-cross-origin\" allowfullscreen><\/iframe>\n<\/div><\/figure>\n\n\n\n<div class=\"wp-block-columns is-layout-flex wp-container-core-columns-is-layout-9d6595d7 wp-block-columns-is-layout-flex\">\n<div class=\"wp-block-column is-layout-flow wp-block-column-is-layout-flow\"><div class=\"wp-block-image\">\n<figure class=\"aligncenter size-full\"><img decoding=\"async\" width=\"70\" height=\"70\" src=\"https:\/\/fedemaderas.org.co\/congreso-nacional-industriales-madera\/wp-content\/uploads\/2025\/03\/lugar-70.png\" alt=\"\" class=\"wp-image-1938\"\/><\/figure>\n<\/div>\n\n\n<p class=\"has-text-align-center\"><strong>Virtual<\/strong><\/p>\n<\/div>\n\n\n\n<div class=\"wp-block-column is-layout-flow wp-block-column-is-layout-flow\"><div class=\"wp-block-image\">\n<figure class=\"aligncenter size-full\"><img decoding=\"async\" width=\"70\" height=\"70\" src=\"https:\/\/fedemaderas.org.co\/congreso-nacional-industriales-madera\/wp-content\/uploads\/2025\/03\/fecha-70-1.png\" alt=\"\" class=\"wp-image-1939\"\/><\/figure>\n<\/div>\n\n\n<p class=\"has-text-align-center\"><strong>Mi\u00e9rcoles 21 de mayo de 2025<\/strong><\/p>\n<\/div>\n\n\n\n<div class=\"wp-block-column is-layout-flow wp-block-column-is-layout-flow\"><div class=\"wp-block-image\">\n<figure class=\"aligncenter size-full\"><img decoding=\"async\" width=\"70\" height=\"70\" src=\"https:\/\/fedemaderas.org.co\/congreso-nacional-industriales-madera\/wp-content\/uploads\/2025\/03\/hora-70-1.png\" alt=\"\" class=\"wp-image-1940\"\/><\/figure>\n<\/div>\n\n\n<p class=\"has-text-align-center\"><strong>8 a.m. a 6 p.m.<\/strong><\/p>\n<\/div>\n<\/div>\n\n\n\n<hr class=\"wp-block-separator has-alpha-channel-opacity is-style-dots\"\/>\n\n\n\n<div class=\"wp-block-columns is-layout-flex wp-container-core-columns-is-layout-9d6595d7 wp-block-columns-is-layout-flex\">\n<div class=\"wp-block-column is-layout-flow wp-block-column-is-layout-flow\">\n<p class=\"has-text-align-center\"><strong>Universidad Nacional, Medell\u00edn<\/strong><\/p>\n<\/div>\n\n\n\n<div class=\"wp-block-column is-layout-flow wp-block-column-is-layout-flow\">\n<p class=\"has-text-align-center\"><strong>Mi\u00e9rcoles 28 de mayo de 2025<\/strong><\/p>\n<\/div>\n\n\n\n<div class=\"wp-block-column is-layout-flow wp-block-column-is-layout-flow\">\n<p class=\"has-text-align-center\"><strong>2 a 6 p.m.<\/strong><\/p>\n<\/div>\n<\/div>\n\n\n\n<hr class=\"wp-block-separator has-alpha-channel-opacity\"\/>\n\n\n<div class=\"wp-block-image\">\n<figure class=\"aligncenter size-full\"><img loading=\"lazy\" decoding=\"async\" width=\"600\" height=\"120\" src=\"https:\/\/fedemaderas.org.co\/congreso-nacional-industriales-madera\/wp-content\/uploads\/2025\/05\/aliado-macroypre.png\" alt=\"\" class=\"wp-image-2327\" srcset=\"https:\/\/fedemaderas.org.co\/congreso-nacional-industriales-madera\/wp-content\/uploads\/2025\/05\/aliado-macroypre.png 600w, https:\/\/fedemaderas.org.co\/congreso-nacional-industriales-madera\/wp-content\/uploads\/2025\/05\/aliado-macroypre-300x60.png 300w\" sizes=\"(max-width: 600px) 100vw, 600px\" \/><\/figure>\n<\/div>\n\n\n<hr class=\"wp-block-separator has-alpha-channel-opacity\"\/>\n\n\n\n<h3 class=\"wp-block-heading has-text-color has-link-color wp-elements-52480f809beacb370a9dbd30895469bf\" style=\"color:#39a934\">Presentaci\u00f3n<\/h3>\n\n\n\n<div class=\"wp-block-columns is-layout-flex wp-container-core-columns-is-layout-9d6595d7 wp-block-columns-is-layout-flex\">\n<div class=\"wp-block-column is-layout-flow wp-block-column-is-layout-flow\">\n<figure class=\"wp-block-embed is-type-video is-provider-youtube wp-block-embed-youtube wp-embed-aspect-4-3 wp-has-aspect-ratio\"><div class=\"wp-block-embed__wrapper\">\n<iframe title=\"III Pre Congreso - 21 de mayo, virtual\" width=\"640\" height=\"480\" src=\"https:\/\/www.youtube.com\/embed\/G7G24P42mdE?feature=oembed\" frameborder=\"0\" allow=\"accelerometer; autoplay; clipboard-write; encrypted-media; gyroscope; picture-in-picture; web-share\" referrerpolicy=\"strict-origin-when-cross-origin\" allowfullscreen><\/iframe>\n<\/div><\/figure>\n<\/div>\n\n\n\n<div class=\"wp-block-column is-layout-flow wp-block-column-is-layout-flow\">\n<figure class=\"wp-block-embed is-type-video is-provider-youtube wp-block-embed-youtube wp-embed-aspect-4-3 wp-has-aspect-ratio\"><div class=\"wp-block-embed__wrapper\">\n<iframe title=\"III Pre Congreso - 28 de mayo, presencial\" width=\"640\" height=\"480\" src=\"https:\/\/www.youtube.com\/embed\/-0zz1nB5BtU?feature=oembed\" frameborder=\"0\" allow=\"accelerometer; autoplay; clipboard-write; encrypted-media; gyroscope; picture-in-picture; web-share\" referrerpolicy=\"strict-origin-when-cross-origin\" allowfullscreen><\/iframe>\n<\/div><\/figure>\n<\/div>\n<\/div>\n\n\n\n<hr class=\"wp-block-separator has-alpha-channel-opacity\"\/>\n\n\n\n<h3 class=\"wp-block-heading has-text-color has-link-color wp-elements-1f92d12dd4a6457fa8ce707c045bf302\" style=\"color:#39a934\">Objetivo<\/h3>\n\n\n\n<p class=\"has-white-color has-text-color has-background has-link-color wp-elements-3957c9409f1810b172bb087399f6ee39\" style=\"background-color:#39a934\">Presentaci\u00f3n de ponencias acad\u00e9micas, proyectos de investigaci\u00f3n, y proyectos de invenci\u00f3n e innovaci\u00f3n empresarial, desde las operaciones y actividades de la red de agremiados regionales de FEDEMADERAS<\/p>\n\n\n\n<hr class=\"wp-block-separator has-alpha-channel-opacity\"\/>\n\n\n\n<h3 class=\"wp-block-heading has-text-color has-link-color wp-elements-36eba74253284a2df67b49857bd3735c\" style=\"color:#39a934\">Agenda<\/h3>\n\n\n<div class=\"wp-block-image\">\n<figure class=\"aligncenter size-full\"><img loading=\"lazy\" decoding=\"async\" width=\"2000\" height=\"1414\" src=\"https:\/\/fedemaderas.org.co\/congreso-nacional-industriales-madera\/wp-content\/uploads\/2025\/05\/precongreso-mayo21-14.png\" alt=\"\" class=\"wp-image-2323\" srcset=\"https:\/\/fedemaderas.org.co\/congreso-nacional-industriales-madera\/wp-content\/uploads\/2025\/05\/precongreso-mayo21-14.png 2000w, https:\/\/fedemaderas.org.co\/congreso-nacional-industriales-madera\/wp-content\/uploads\/2025\/05\/precongreso-mayo21-14-300x212.png 300w, https:\/\/fedemaderas.org.co\/congreso-nacional-industriales-madera\/wp-content\/uploads\/2025\/05\/precongreso-mayo21-14-1024x724.png 1024w, https:\/\/fedemaderas.org.co\/congreso-nacional-industriales-madera\/wp-content\/uploads\/2025\/05\/precongreso-mayo21-14-768x543.png 768w, https:\/\/fedemaderas.org.co\/congreso-nacional-industriales-madera\/wp-content\/uploads\/2025\/05\/precongreso-mayo21-14-1536x1086.png 1536w\" sizes=\"(max-width: 2000px) 100vw, 2000px\" \/><\/figure>\n<\/div>\n\n\n<hr class=\"wp-block-separator has-alpha-channel-opacity is-style-dots\"\/>\n\n\n<div class=\"wp-block-image\">\n<figure class=\"aligncenter size-full\"><img loading=\"lazy\" decoding=\"async\" width=\"2000\" height=\"1414\" src=\"https:\/\/fedemaderas.org.co\/congreso-nacional-industriales-madera\/wp-content\/uploads\/2025\/05\/precongreso-mayo28-mayo6.png\" alt=\"\" class=\"wp-image-2268\" srcset=\"https:\/\/fedemaderas.org.co\/congreso-nacional-industriales-madera\/wp-content\/uploads\/2025\/05\/precongreso-mayo28-mayo6.png 2000w, https:\/\/fedemaderas.org.co\/congreso-nacional-industriales-madera\/wp-content\/uploads\/2025\/05\/precongreso-mayo28-mayo6-300x212.png 300w, https:\/\/fedemaderas.org.co\/congreso-nacional-industriales-madera\/wp-content\/uploads\/2025\/05\/precongreso-mayo28-mayo6-1024x724.png 1024w, https:\/\/fedemaderas.org.co\/congreso-nacional-industriales-madera\/wp-content\/uploads\/2025\/05\/precongreso-mayo28-mayo6-768x543.png 768w, https:\/\/fedemaderas.org.co\/congreso-nacional-industriales-madera\/wp-content\/uploads\/2025\/05\/precongreso-mayo28-mayo6-1536x1086.png 1536w\" sizes=\"(max-width: 2000px) 100vw, 2000px\" \/><\/figure>\n<\/div>\n\n\n<hr class=\"wp-block-separator has-alpha-channel-opacity\"\/>\n\n\n\n<h3 class=\"wp-block-heading has-text-color has-link-color wp-elements-e7d5a9f05779cacae5728c20698adbf7\" style=\"color:#39a934\">Evento sin costo, reserva tu cupo<\/h3>\n\n\n\n<iframe src=\"https:\/\/docs.google.com\/forms\/d\/e\/1FAIpQLSd5v8g7IiuJjOSRFO9SvFocIShwXvfIIFc_AmeGLFUO-oFYFg\/viewform?embedded=true\" width=\"640\" height=\"1649\" frameborder=\"0\" marginheight=\"0\" marginwidth=\"0\">Cargando\u2026<\/iframe>\n\n\n\n<hr class=\"wp-block-separator has-alpha-channel-opacity\"\/>\n\n\n\n<h3 class=\"wp-block-heading has-text-color has-link-color wp-elements-f562ca9170cd8b52d8614f0a95e358d1\" style=\"color:#39a934\">Invitaci\u00f3n para env\u00edo de propuestas<\/h3>\n\n\n\n<p>Invitamos a enviar las propuestas de ponencias y proyectos de investigaci\u00f3n antes del 10 de abril de 2025. Las propuestas seleccionadas por el Comit\u00e9 de Investigaci\u00f3n y Desarrollo de FEDEMADERAS ser\u00e1n presentadas durante el evento y contar\u00e1n con un espacio de difusi\u00f3n ante l\u00edderes de la red, empresarios y otros actores clave, as\u00ed como una posterior publicaci\u00f3n en la revista FEDEMADERAS del I semestre de 2025, edici\u00f3n impresa que ser\u00e1 entregada durante la I Semana de Bioeconom\u00eda a desarrollarse la \u00faltima semana de mayo en la ciudad de Medell\u00edn.<\/p>\n\n\n\n<p>Debido a la caracter\u00edstica de construcci\u00f3n de redes de tipo intersetorial, estrategia que promueve FEDEMADERAS, animamos a que mediante sus buenos oficios se propicien ponencias e investigaciones tanto de Ingenier\u00edas Forestales y de Transformaci\u00f3n Sostenible de las Maderas, como de otros programas relacionadas con las tem\u00e1ticas abajo relacionadas.<\/p>\n\n\n\n<p><strong>T\u00e9rminos de Referencia<\/strong><\/p>\n\n\n\n<p>Para participar, los interesados deber\u00e1n cumplir con los siguientes lineamientos:<\/p>\n\n\n\n<p><strong>\u00c1reas tem\u00e1ticas:<\/strong><\/p>\n\n\n\n<ul class=\"wp-block-list\">\n<li>Innovaci\u00f3n tecnol\u00f3gica en la industria de la madera.<\/li>\n\n\n\n<li>Sostenibilidad y buenas pr\u00e1cticas en la gesti\u00f3n forestal.<\/li>\n\n\n\n<li>Procesos de transformaci\u00f3n, manufactura y comercializaci\u00f3n.<\/li>\n\n\n\n<li>Modelos de negocio basados en bioeconom\u00eda.<\/li>\n\n\n\n<li>Dise\u00f1o arquitect\u00f3nico y de construcci\u00f3n sostenible<\/li>\n\n\n\n<li>Biodiversidad y Soluciones Basadas en la Naturaleza<\/li>\n\n\n\n<li>Dendroenerg\u00eda y producci\u00f3n de energ\u00edas limpias<\/li>\n<\/ul>\n\n\n\n<p><strong>Formato de presentaci\u00f3n:<\/strong><\/p>\n\n\n\n<ul class=\"wp-block-list\">\n<li>Resumen ejecutivo del proyecto (m\u00e1ximo 300 palabras).<\/li>\n\n\n\n<li>Documento completo (m\u00e1ximo 10 p\u00e1ginas en formato Word o PDF).<\/li>\n\n\n\n<li>Presentaci\u00f3n en formato PowerPoint (opcional, m\u00e1ximo 10 diapositivas).<\/li>\n<\/ul>\n\n\n\n<p><strong>Idiomas: Espa\u00f1ol.<\/strong><\/p>\n\n\n\n<p><strong>Env\u00edo de propuestas:<\/strong> los documentos deber\u00e1n ser enviados al correo electr\u00f3nico innovacion@fedemaderas.org.co con el asunto \u201cPropuesta ponencias III Pre Congreso Nacional &#8211; [Nombre del autor\/proyecto]\u201d.<\/p>\n\n\n\n<p><strong>Plazos importantes:<\/strong><\/p>\n\n\n\n<ul class=\"wp-block-list\">\n<li>Fecha l\u00edmite para env\u00edo: &nbsp;&nbsp;&nbsp;&nbsp;&nbsp;&nbsp;&nbsp;&nbsp;10 de abril de 2025.<\/li>\n\n\n\n<li>Notificaci\u00f3n de aceptaci\u00f3n: &nbsp;&nbsp; 30 de abril de 2025.<\/li>\n<\/ul>\n\n\n\n<p><strong>Evaluaci\u00f3n:<\/strong> Las propuestas ser\u00e1n evaluadas por el Comit\u00e9 T\u00e9cnico de Investigaci\u00f3n y Desarrollo de FEDEMADERAS, considerando la relevancia tem\u00e1tica, innovaci\u00f3n, impacto en la red y calidad acad\u00e9mica.<\/p>\n\n\n\n<p><strong>Beneficios de participar<\/strong><\/p>\n\n\n\n<ul class=\"wp-block-list\">\n<li>Difusi\u00f3n de su trabajo en un espacio acad\u00e9mico y empresarial de alto nivel.<\/li>\n\n\n\n<li>Certificaci\u00f3n de participaci\u00f3n emitida por FEDEMADERAS.<\/li>\n\n\n\n<li>Oportunidad de networking con expertos, empresas y l\u00edderes de la red forestal y de la madera.<\/li>\n\n\n\n<li>Publicaci\u00f3n del resumen ejecutivo en la Revista FEDEMADERAS.<\/li>\n<\/ul>\n\n\n\n<p>Para mayor informaci\u00f3n, le agradecemos escribir al correo innovacion@fedemaderas.org.co o a comunicarse al celular 3114449756 en donde nuestra Asesora de Innovaci\u00f3n y Creaci\u00f3n de Valor, Diana Paola Dorado, estar\u00e1 presta a atender.<\/p>\n\n\n\n<hr class=\"wp-block-separator has-alpha-channel-opacity\"\/>\n\n\n\n<p><\/p>\n","protected":false},"excerpt":{"rendered":"<p>Virtual Mi\u00e9rcoles 21 de mayo de 2025 8 a.m. a 6 p.m. Universidad Nacional, Medell\u00edn Mi\u00e9rcoles 28 de mayo de 2025 2 a 6 p.m. Presentaci\u00f3n Objetivo Presentaci\u00f3n de ponencias acad\u00e9micas, proyectos de investigaci\u00f3n, y proyectos de invenci\u00f3n e innovaci\u00f3n empresarial, desde las operaciones y actividades de la red de agremiados regionales de FEDEMADERAS Agenda &hellip; <\/p>\n","protected":false},"author":1,"featured_media":1984,"parent":0,"menu_order":0,"comment_status":"closed","ping_status":"closed","template":"","meta":{"footnotes":""},"class_list":["post-1983","page","type-page","status-publish","has-post-thumbnail","hentry"],"_links":{"self":[{"href":"https:\/\/fedemaderas.org.co\/congreso-nacional-industriales-madera\/wp-json\/wp\/v2\/pages\/1983","targetHints":{"allow":["GET"]}}],"collection":[{"href":"https:\/\/fedemaderas.org.co\/congreso-nacional-industriales-madera\/wp-json\/wp\/v2\/pages"}],"about":[{"href":"https:\/\/fedemaderas.org.co\/congreso-nacional-industriales-madera\/wp-json\/wp\/v2\/types\/page"}],"author":[{"embeddable":true,"href":"https:\/\/fedemaderas.org.co\/congreso-nacional-industriales-madera\/wp-json\/wp\/v2\/users\/1"}],"replies":[{"embeddable":true,"href":"https:\/\/fedemaderas.org.co\/congreso-nacional-industriales-madera\/wp-json\/wp\/v2\/comments?post=1983"}],"version-history":[{"count":22,"href":"https:\/\/fedemaderas.org.co\/congreso-nacional-industriales-madera\/wp-json\/wp\/v2\/pages\/1983\/revisions"}],"predecessor-version":[{"id":2337,"href":"https:\/\/fedemaderas.org.co\/congreso-nacional-industriales-madera\/wp-json\/wp\/v2\/pages\/1983\/revisions\/2337"}],"wp:featuredmedia":[{"embeddable":true,"href":"https:\/\/fedemaderas.org.co\/congreso-nacional-industriales-madera\/wp-json\/wp\/v2\/media\/1984"}],"wp:attachment":[{"href":"https:\/\/fedemaderas.org.co\/congreso-nacional-industriales-madera\/wp-json\/wp\/v2\/media?parent=1983"}],"curies":[{"name":"wp","href":"https:\/\/api.w.org\/{rel}","templated":true}]}}