{"id":76,"date":"2023-01-04T16:51:00","date_gmt":"2023-01-04T21:51:00","guid":{"rendered":"https:\/\/fedemaderas.org.co\/congreso-nacional-industriales-madera\/?page_id=76"},"modified":"2024-03-20T21:17:52","modified_gmt":"2024-03-21T02:17:52","slug":"agenda-academica","status":"publish","type":"page","link":"https:\/\/fedemaderas.org.co\/congreso-nacional-industriales-madera\/agenda-academica\/","title":{"rendered":"Agenda Acad\u00e9mica"},"content":{"rendered":"\t\t<div data-elementor-type=\"wp-page\" data-elementor-id=\"76\" class=\"elementor elementor-76\">\n\t\t\t\t\t\t\t<div class=\"elementor-element elementor-element-0356fde e-flex e-con-boxed e-con e-parent\" data-id=\"0356fde\" data-element_type=\"container\" data-settings=\"{&quot;content_width&quot;:&quot;boxed&quot;}\" data-core-v316-plus=\"true\">\n\t\t\t\t\t<div class=\"e-con-inner\">\n\t\t\t\t<div class=\"elementor-element elementor-element-b0f588e elementor-widget elementor-widget-heading\" data-id=\"b0f588e\" data-element_type=\"widget\" data-widget_type=\"heading.default\">\n\t\t\t\t<div class=\"elementor-widget-container\">\n\t\t\t<style>\/*! elementor - v3.18.0 - 20-12-2023 *\/\n.elementor-heading-title{padding:0;margin:0;line-height:1}.elementor-widget-heading .elementor-heading-title[class*=elementor-size-]>a{color:inherit;font-size:inherit;line-height:inherit}.elementor-widget-heading .elementor-heading-title.elementor-size-small{font-size:15px}.elementor-widget-heading .elementor-heading-title.elementor-size-medium{font-size:19px}.elementor-widget-heading .elementor-heading-title.elementor-size-large{font-size:29px}.elementor-widget-heading .elementor-heading-title.elementor-size-xl{font-size:39px}.elementor-widget-heading .elementor-heading-title.elementor-size-xxl{font-size:59px}<\/style><h4 class=\"elementor-heading-title elementor-size-default\">II CONGRESO NACIONAL DE INDUSTRIALES DE LA MADERA: <\/h4>\t\t<\/div>\n\t\t\t\t<\/div>\n\t\t\t\t\t<\/div>\n\t\t\t\t<\/div>\n\t\t<div class=\"elementor-element elementor-element-65f8c82 e-flex e-con-boxed e-con e-parent\" data-id=\"65f8c82\" data-element_type=\"container\" data-settings=\"{&quot;content_width&quot;:&quot;boxed&quot;}\" data-core-v316-plus=\"true\">\n\t\t\t\t\t<div class=\"e-con-inner\">\n\t\t\t\t<div class=\"elementor-element elementor-element-188bd8d elementor-widget elementor-widget-heading\" data-id=\"188bd8d\" data-element_type=\"widget\" data-widget_type=\"heading.default\">\n\t\t\t\t<div class=\"elementor-widget-container\">\n\t\t\t<h5 class=\"elementor-heading-title elementor-size-default\">Comprensi\u00f3n, integralidad y certidumbre: desarrollo de los Cl\u00fasteres Regionales de Bioeconom\u00eda <\/h5>\t\t<\/div>\n\t\t\t\t<\/div>\n\t\t\t\t\t<\/div>\n\t\t\t\t<\/div>\n\t\t<div class=\"elementor-element elementor-element-1859eab e-flex e-con-boxed e-con e-parent\" data-id=\"1859eab\" data-element_type=\"container\" data-settings=\"{&quot;content_width&quot;:&quot;boxed&quot;}\" data-core-v316-plus=\"true\">\n\t\t\t\t\t<div class=\"e-con-inner\">\n\t\t\t\t<div class=\"elementor-element elementor-element-d1f1b5a elementor-widget elementor-widget-spacer\" data-id=\"d1f1b5a\" data-element_type=\"widget\" data-widget_type=\"spacer.default\">\n\t\t\t\t<div class=\"elementor-widget-container\">\n\t\t\t<style>\/*! elementor - v3.18.0 - 20-12-2023 *\/\n.elementor-column .elementor-spacer-inner{height:var(--spacer-size)}.e-con{--container-widget-width:100%}.e-con-inner>.elementor-widget-spacer,.e-con>.elementor-widget-spacer{width:var(--container-widget-width,var(--spacer-size));--align-self:var(--container-widget-align-self,initial);--flex-shrink:0}.e-con-inner>.elementor-widget-spacer>.elementor-widget-container,.e-con>.elementor-widget-spacer>.elementor-widget-container{height:100%;width:100%}.e-con-inner>.elementor-widget-spacer>.elementor-widget-container>.elementor-spacer,.e-con>.elementor-widget-spacer>.elementor-widget-container>.elementor-spacer{height:100%}.e-con-inner>.elementor-widget-spacer>.elementor-widget-container>.elementor-spacer>.elementor-spacer-inner,.e-con>.elementor-widget-spacer>.elementor-widget-container>.elementor-spacer>.elementor-spacer-inner{height:var(--container-widget-height,var(--spacer-size))}.e-con-inner>.elementor-widget-spacer.elementor-widget-empty,.e-con>.elementor-widget-spacer.elementor-widget-empty{position:relative;min-height:22px;min-width:22px}.e-con-inner>.elementor-widget-spacer.elementor-widget-empty .elementor-widget-empty-icon,.e-con>.elementor-widget-spacer.elementor-widget-empty .elementor-widget-empty-icon{position:absolute;top:0;bottom:0;left:0;right:0;margin:auto;padding:0;width:22px;height:22px}<\/style>\t\t<div class=\"elementor-spacer\">\n\t\t\t<div class=\"elementor-spacer-inner\"><\/div>\n\t\t<\/div>\n\t\t\t\t<\/div>\n\t\t\t\t<\/div>\n\t\t\t\t\t<\/div>\n\t\t\t\t<\/div>\n\t\t<div class=\"elementor-element elementor-element-c612e2c e-con-full e-flex e-con e-parent\" data-id=\"c612e2c\" data-element_type=\"container\" data-settings=\"{&quot;content_width&quot;:&quot;full&quot;}\" data-core-v316-plus=\"true\">\n\t\t\t\t<div class=\"elementor-element elementor-element-38477a7 elementor-tabs-view-horizontal elementor-widget elementor-widget-tabs\" data-id=\"38477a7\" data-element_type=\"widget\" data-widget_type=\"tabs.default\">\n\t\t\t\t<div class=\"elementor-widget-container\">\n\t\t\t<style>\/*! elementor - v3.18.0 - 20-12-2023 *\/\n.elementor-widget-tabs.elementor-tabs-view-vertical .elementor-tabs-wrapper{width:25%;flex-shrink:0}.elementor-widget-tabs.elementor-tabs-view-vertical .elementor-tab-desktop-title.elementor-active{border-right-style:none}.elementor-widget-tabs.elementor-tabs-view-vertical .elementor-tab-desktop-title.elementor-active:after,.elementor-widget-tabs.elementor-tabs-view-vertical .elementor-tab-desktop-title.elementor-active:before{height:999em;width:0;right:0;border-right-style:solid}.elementor-widget-tabs.elementor-tabs-view-vertical .elementor-tab-desktop-title.elementor-active:before{top:0;transform:translateY(-100%)}.elementor-widget-tabs.elementor-tabs-view-vertical .elementor-tab-desktop-title.elementor-active:after{top:100%}.elementor-widget-tabs.elementor-tabs-view-horizontal .elementor-tab-desktop-title{display:table-cell}.elementor-widget-tabs.elementor-tabs-view-horizontal .elementor-tab-desktop-title.elementor-active{border-bottom-style:none}.elementor-widget-tabs.elementor-tabs-view-horizontal .elementor-tab-desktop-title.elementor-active:after,.elementor-widget-tabs.elementor-tabs-view-horizontal .elementor-tab-desktop-title.elementor-active:before{bottom:0;height:0;width:999em;border-bottom-style:solid}.elementor-widget-tabs.elementor-tabs-view-horizontal .elementor-tab-desktop-title.elementor-active:before{right:100%}.elementor-widget-tabs.elementor-tabs-view-horizontal .elementor-tab-desktop-title.elementor-active:after{left:100%}.elementor-widget-tabs .elementor-tab-content,.elementor-widget-tabs .elementor-tab-title,.elementor-widget-tabs .elementor-tab-title:after,.elementor-widget-tabs .elementor-tab-title:before,.elementor-widget-tabs .elementor-tabs-content-wrapper{border:1px #d5d8dc}.elementor-widget-tabs .elementor-tabs{text-align:left}.elementor-widget-tabs .elementor-tabs-wrapper{overflow:hidden}.elementor-widget-tabs .elementor-tab-title{cursor:pointer;outline:var(--focus-outline,none)}.elementor-widget-tabs .elementor-tab-desktop-title{position:relative;padding:20px 25px;font-weight:700;line-height:1;border:solid transparent}.elementor-widget-tabs .elementor-tab-desktop-title.elementor-active{border-color:#d5d8dc}.elementor-widget-tabs .elementor-tab-desktop-title.elementor-active:after,.elementor-widget-tabs .elementor-tab-desktop-title.elementor-active:before{display:block;content:\"\";position:absolute}.elementor-widget-tabs .elementor-tab-desktop-title:focus-visible{border:1px solid #000}.elementor-widget-tabs .elementor-tab-mobile-title{padding:10px;cursor:pointer}.elementor-widget-tabs .elementor-tab-content{padding:20px;display:none}@media (max-width:767px){.elementor-tabs .elementor-tab-content,.elementor-tabs .elementor-tab-title{border-style:solid solid none}.elementor-tabs .elementor-tabs-wrapper{display:none}.elementor-tabs .elementor-tabs-content-wrapper{border-bottom-style:solid}.elementor-tabs .elementor-tab-content{padding:10px}}@media (min-width:768px){.elementor-widget-tabs.elementor-tabs-view-vertical .elementor-tabs{display:flex}.elementor-widget-tabs.elementor-tabs-view-vertical .elementor-tabs-wrapper{flex-direction:column}.elementor-widget-tabs.elementor-tabs-view-vertical .elementor-tabs-content-wrapper{flex-grow:1;border-style:solid solid solid none}.elementor-widget-tabs.elementor-tabs-view-horizontal .elementor-tab-content{border-style:none solid solid}.elementor-widget-tabs.elementor-tabs-alignment-center .elementor-tabs-wrapper,.elementor-widget-tabs.elementor-tabs-alignment-end .elementor-tabs-wrapper,.elementor-widget-tabs.elementor-tabs-alignment-stretch .elementor-tabs-wrapper{display:flex}.elementor-widget-tabs.elementor-tabs-alignment-center .elementor-tabs-wrapper{justify-content:center}.elementor-widget-tabs.elementor-tabs-alignment-end .elementor-tabs-wrapper{justify-content:flex-end}.elementor-widget-tabs.elementor-tabs-alignment-stretch.elementor-tabs-view-horizontal .elementor-tab-title{width:100%}.elementor-widget-tabs.elementor-tabs-alignment-stretch.elementor-tabs-view-vertical .elementor-tab-title{height:100%}.elementor-tabs .elementor-tab-mobile-title{display:none}}<\/style>\t\t<div class=\"elementor-tabs\">\n\t\t\t<div class=\"elementor-tabs-wrapper\" role=\"tablist\" >\n\t\t\t\t\t\t\t\t\t<div id=\"elementor-tab-title-5901\" class=\"elementor-tab-title elementor-tab-desktop-title\" aria-selected=\"true\" data-tab=\"1\" role=\"tab\" tabindex=\"0\" aria-controls=\"elementor-tab-content-5901\" aria-expanded=\"false\">Agenda acad\u00e9mica<\/div>\n\t\t\t\t\t\t\t\t\t<div id=\"elementor-tab-title-5902\" class=\"elementor-tab-title elementor-tab-desktop-title\" aria-selected=\"false\" data-tab=\"2\" role=\"tab\" tabindex=\"-1\" aria-controls=\"elementor-tab-content-5902\" aria-expanded=\"false\">Metodolog\u00eda<\/div>\n\t\t\t\t\t\t\t<\/div>\n\t\t\t<div class=\"elementor-tabs-content-wrapper\" role=\"tablist\" aria-orientation=\"vertical\">\n\t\t\t\t\t\t\t\t\t<div class=\"elementor-tab-title elementor-tab-mobile-title\" aria-selected=\"true\" data-tab=\"1\" role=\"tab\" tabindex=\"0\" aria-controls=\"elementor-tab-content-5901\" aria-expanded=\"false\">Agenda acad\u00e9mica<\/div>\n\t\t\t\t\t<div id=\"elementor-tab-content-5901\" class=\"elementor-tab-content elementor-clearfix\" data-tab=\"1\" role=\"tabpanel\" aria-labelledby=\"elementor-tab-title-5901\" tabindex=\"0\" hidden=\"false\"><p><img fetchpriority=\"high\" decoding=\"async\" class=\"aligncenter wp-image-1677 size-full\" src=\"https:\/\/fedemaderas.org.co\/congreso-nacional-industriales-madera\/wp-content\/uploads\/2024\/03\/pag1-mar20c.png\" alt=\"\" width=\"2000\" height=\"1545\" srcset=\"https:\/\/fedemaderas.org.co\/congreso-nacional-industriales-madera\/wp-content\/uploads\/2024\/03\/pag1-mar20c.png 2000w, https:\/\/fedemaderas.org.co\/congreso-nacional-industriales-madera\/wp-content\/uploads\/2024\/03\/pag1-mar20c-300x232.png 300w, https:\/\/fedemaderas.org.co\/congreso-nacional-industriales-madera\/wp-content\/uploads\/2024\/03\/pag1-mar20c-1024x791.png 1024w, https:\/\/fedemaderas.org.co\/congreso-nacional-industriales-madera\/wp-content\/uploads\/2024\/03\/pag1-mar20c-768x593.png 768w, https:\/\/fedemaderas.org.co\/congreso-nacional-industriales-madera\/wp-content\/uploads\/2024\/03\/pag1-mar20c-1536x1187.png 1536w\" sizes=\"(max-width: 2000px) 100vw, 2000px\" \/><\/p><p>\u00a0<\/p><p><img decoding=\"async\" class=\"aligncenter wp-image-1663 size-full\" src=\"https:\/\/fedemaderas.org.co\/congreso-nacional-industriales-madera\/wp-content\/uploads\/2024\/03\/pag2-mar20.png\" alt=\"\" width=\"2000\" height=\"1545\" srcset=\"https:\/\/fedemaderas.org.co\/congreso-nacional-industriales-madera\/wp-content\/uploads\/2024\/03\/pag2-mar20.png 2000w, https:\/\/fedemaderas.org.co\/congreso-nacional-industriales-madera\/wp-content\/uploads\/2024\/03\/pag2-mar20-300x232.png 300w, https:\/\/fedemaderas.org.co\/congreso-nacional-industriales-madera\/wp-content\/uploads\/2024\/03\/pag2-mar20-1024x791.png 1024w, https:\/\/fedemaderas.org.co\/congreso-nacional-industriales-madera\/wp-content\/uploads\/2024\/03\/pag2-mar20-768x593.png 768w, https:\/\/fedemaderas.org.co\/congreso-nacional-industriales-madera\/wp-content\/uploads\/2024\/03\/pag2-mar20-1536x1187.png 1536w\" sizes=\"(max-width: 2000px) 100vw, 2000px\" \/><\/p><p>\u00a0<\/p><p><img decoding=\"async\" class=\"aligncenter wp-image-1664 size-full\" src=\"https:\/\/fedemaderas.org.co\/congreso-nacional-industriales-madera\/wp-content\/uploads\/2024\/03\/pag3-mar20.png\" alt=\"\" width=\"2000\" height=\"1545\" srcset=\"https:\/\/fedemaderas.org.co\/congreso-nacional-industriales-madera\/wp-content\/uploads\/2024\/03\/pag3-mar20.png 2000w, https:\/\/fedemaderas.org.co\/congreso-nacional-industriales-madera\/wp-content\/uploads\/2024\/03\/pag3-mar20-300x232.png 300w, https:\/\/fedemaderas.org.co\/congreso-nacional-industriales-madera\/wp-content\/uploads\/2024\/03\/pag3-mar20-1024x791.png 1024w, https:\/\/fedemaderas.org.co\/congreso-nacional-industriales-madera\/wp-content\/uploads\/2024\/03\/pag3-mar20-768x593.png 768w, https:\/\/fedemaderas.org.co\/congreso-nacional-industriales-madera\/wp-content\/uploads\/2024\/03\/pag3-mar20-1536x1187.png 1536w\" sizes=\"(max-width: 2000px) 100vw, 2000px\" \/><\/p><\/div>\n\t\t\t\t\t\t\t\t\t<div class=\"elementor-tab-title elementor-tab-mobile-title\" aria-selected=\"false\" data-tab=\"2\" role=\"tab\" tabindex=\"-1\" aria-controls=\"elementor-tab-content-5902\" aria-expanded=\"false\">Metodolog\u00eda<\/div>\n\t\t\t\t\t<div id=\"elementor-tab-content-5902\" class=\"elementor-tab-content elementor-clearfix\" data-tab=\"2\" role=\"tabpanel\" aria-labelledby=\"elementor-tab-title-5902\" tabindex=\"0\" hidden=\"hidden\"><p>La principal apuesta hoy en d\u00eda de la red forestal y de la madera en Colombia se basa en el modelo de cl\u00fasteres. FEDEMADERAS los ha denominado Cl\u00fasteres Regionales de Bioeconom\u00eda a partir de las conclusiones e iniciativas originadas en su I Congreso celebrado en marzo de 2023. Vinculando con la pol\u00edtica rural, ambiental y de reindustrializaci\u00f3n, se han identificado tres intervenciones de cadenas intersectoriales en el marco de las apuestas estrat\u00e9gicas priorizadas en el <strong>CONPES 4129<\/strong> de reindustrializaci\u00f3n, puntualmente en las de transici\u00f3n energ\u00e9tica justa y agroindustria. La red forestal y de la madera, como encadenamiento productivo, apuesta por el desarrollo de la econom\u00eda forestal como eje de la bioeconom\u00eda nacional a trav\u00e9s de:<br \/><br \/><\/p>\n<ol>\n<li>Cl\u00faster de construcci\u00f3n sostenible: producci\u00f3n, uso y demanda de madera semi estructural y estructural, a trav\u00e9s del desarrollo industrial de tableros CLT (paneles contralaminados, inexistente en Colombia) en los proyectos de construcci\u00f3n urbana y rural. Colombia a 2030 tiene un requerimiento de 32 millones de unidades, las cuales podr\u00edan convertirse en una oportunidad para contribuir en la huella de carbono, edificaciones neto cero e incremento en la productividad laboral en el sector de la construcci\u00f3n.<\/li>\n<li>Cl\u00faster de energ\u00edas renovables: cultivo y producci\u00f3n de energ\u00eda a partir de cultivos de biomasa forestal, as\u00ed como de la industria de pellets (carb\u00f3n vegetal, naciente en Colombia), contribuyendo a la descarbonizaci\u00f3n de la econom\u00eda, a la recomposici\u00f3n de la matriz energ\u00e9tica nacional y a la diversificaci\u00f3n exportadora habida cuenta de altas demandas en Europa y Norteam\u00e9rica.<\/li>\n<li>Cl\u00fasteres de asociaciones agroforestales: desarrollo de modelos asociativos en agroforester\u00eda y silvopastoreo a trav\u00e9s del cual se combinan modelos agr\u00edcolas de r\u00e1pido rendimiento con reforestaci\u00f3n de mediano y largo rendimiento. Agroindustrialmente existen beneficios en el desarrollo de mercados de servicios ecosist\u00e9micos, turismo de naturaleza, emprendimiento e investigaci\u00f3n en viveros y gen\u00e9ticas.<\/li>\n<\/ol>\n<p><br \/>Los Cl\u00fasteres Regionales de Econom\u00eda conceptualmente involucran <strong>tres aspectos<\/strong>: 1) La confluencia de pol\u00edticas p\u00fablicas, 2) La integralidad entre la proveedur\u00eda del bosque natural y de las plantaciones forestales comerciales, con la agroindustria, y 3) Los nodos o impulsores, que son elementos transversales que deben crear las condiciones para el desarrollo de las intervenciones estrat\u00e9gicas. De otro lado, FEDEMADERAS en su nuevo ADN gremial se ha re organizado a trav\u00e9s de <strong>cinco Consejos<\/strong> Sectoriales o eslabones que vinculan a sus diferentes agremiados con la acci\u00f3n del gremio y de la red forestal y de la madera: 1) Plantaciones Forestales Comerciales, 2) Bosque Natural Sostenible, 3) Servicios Forestales e Industriales, 4) Mobiliario, Construcci\u00f3n y Carpinter\u00eda\u00a0Arquitect\u00f3nica, y 5) Transformaci\u00f3n Primaria, Tableros y Paneles.<\/p>\n<p>As\u00ed, la metodolog\u00eda que abordar\u00e1n los cuatro Pre Congresos (Antioquia, Amazon\u00eda, Eje Cafetero y Orinoqu\u00eda) ser\u00e1 desde la realidad intersectorial y regional analizar las contribuciones efectivas que en el marco del <strong>CONPES 4129<\/strong> podr\u00edan realizarse para el desarrollo de los Cl\u00fasteres Regionales de Bioeconom\u00eda. Por su parte la ruta metodol\u00f3gica del II Congreso en 2024 combinar\u00e1 los <strong>tres aspectos<\/strong> de los Cl\u00fasteres Regionales de Bioeconom\u00eda con los <strong>cinco Consejos<\/strong> Sectoriales, produciendo un abordaje integral, completo, nutrido y que induce mayores sinergias, no solo entre los conferencistas expertos que nos acompa\u00f1ar\u00e1n, sino adem\u00e1s con el p\u00fablico asistente. El siguiente esquema, como ejemplo, ilustra esta metodolog\u00eda.<\/p>\n<p><img loading=\"lazy\" decoding=\"async\" class=\"aligncenter wp-image-896 size-full\" src=\"https:\/\/fedemaderas.org.co\/congreso-nacional-industriales-madera\/wp-content\/uploads\/2024\/01\/metodologia-ene9.jpg\" alt=\"\" width=\"960\" height=\"720\" srcset=\"https:\/\/fedemaderas.org.co\/congreso-nacional-industriales-madera\/wp-content\/uploads\/2024\/01\/metodologia-ene9.jpg 960w, https:\/\/fedemaderas.org.co\/congreso-nacional-industriales-madera\/wp-content\/uploads\/2024\/01\/metodologia-ene9-300x225.jpg 300w, https:\/\/fedemaderas.org.co\/congreso-nacional-industriales-madera\/wp-content\/uploads\/2024\/01\/metodologia-ene9-768x576.jpg 768w, https:\/\/fedemaderas.org.co\/congreso-nacional-industriales-madera\/wp-content\/uploads\/2024\/01\/metodologia-ene9-110x83.jpg 110w\" sizes=\"(max-width: 960px) 100vw, 960px\" \/><\/p>\n<p>\u00a0<\/p>\n<p><!-- \/wp:list-item --><\/p><\/div>\n\t\t\t\t\t\t\t<\/div>\n\t\t<\/div>\n\t\t\t\t<\/div>\n\t\t\t\t<\/div>\n\t\t\t\t<\/div>\n\t\t\t\t\t\t\t<\/div>\n\t\t","protected":false},"excerpt":{"rendered":"<p>II CONGRESO NACIONAL DE INDUSTRIALES DE LA MADERA: Comprensi\u00f3n, integralidad y certidumbre: desarrollo de los Cl\u00fasteres Regionales de Bioeconom\u00eda Agenda acad\u00e9mica Metodolog\u00eda Agenda acad\u00e9mica \u00a0 \u00a0 Metodolog\u00eda La principal apuesta hoy en d\u00eda de la red forestal y de la madera en Colombia se basa en el modelo de cl\u00fasteres. FEDEMADERAS los ha denominado Cl\u00fasteres &hellip; <\/p>\n","protected":false},"author":1,"featured_media":0,"parent":0,"menu_order":0,"comment_status":"closed","ping_status":"closed","template":"","meta":{"footnotes":""},"class_list":["post-76","page","type-page","status-publish","hentry"],"_links":{"self":[{"href":"https:\/\/fedemaderas.org.co\/congreso-nacional-industriales-madera\/wp-json\/wp\/v2\/pages\/76","targetHints":{"allow":["GET"]}}],"collection":[{"href":"https:\/\/fedemaderas.org.co\/congreso-nacional-industriales-madera\/wp-json\/wp\/v2\/pages"}],"about":[{"href":"https:\/\/fedemaderas.org.co\/congreso-nacional-industriales-madera\/wp-json\/wp\/v2\/types\/page"}],"author":[{"embeddable":true,"href":"https:\/\/fedemaderas.org.co\/congreso-nacional-industriales-madera\/wp-json\/wp\/v2\/users\/1"}],"replies":[{"embeddable":true,"href":"https:\/\/fedemaderas.org.co\/congreso-nacional-industriales-madera\/wp-json\/wp\/v2\/comments?post=76"}],"version-history":[{"count":195,"href":"https:\/\/fedemaderas.org.co\/congreso-nacional-industriales-madera\/wp-json\/wp\/v2\/pages\/76\/revisions"}],"predecessor-version":[{"id":1681,"href":"https:\/\/fedemaderas.org.co\/congreso-nacional-industriales-madera\/wp-json\/wp\/v2\/pages\/76\/revisions\/1681"}],"wp:attachment":[{"href":"https:\/\/fedemaderas.org.co\/congreso-nacional-industriales-madera\/wp-json\/wp\/v2\/media?parent=76"}],"curies":[{"name":"wp","href":"https:\/\/api.w.org\/{rel}","templated":true}]}}