{"id":711,"date":"2024-05-29T14:02:06","date_gmt":"2024-05-29T19:02:06","guid":{"rendered":"https:\/\/fedemaderas.org.co\/diplomados\/?page_id=711"},"modified":"2025-08-20T11:47:32","modified_gmt":"2025-08-20T16:47:32","slug":"ii-diplomado-de-transformacion-de-maderas","status":"publish","type":"page","link":"https:\/\/fedemaderas.org.co\/diplomados\/ii-diplomado-de-transformacion-de-maderas\/","title":{"rendered":"III Diplomado de Transformaci\u00f3n de Maderas"},"content":{"rendered":"\n<h3 class=\"wp-block-heading\">Objetivos:<\/h3>\n\n\n\n<p>1. Fortalecer las competencias de los profesionales vinculados con la transformaci\u00f3n de la madera<br>2. Fortalecer competencias en toda la cadena de valor de la red forestal y de la madera haciendo la m\u00e1s sostenible<\/p>\n\n\n\n<h3 class=\"wp-block-heading\"><strong>Metodolog\u00eda y duraci\u00f3n:<\/strong><\/h3>\n\n\n\n<p>El diplomado tendr\u00e1 una intensidad de 102 horas acad\u00e9micas, distribuidas en 13 m\u00f3dulos.\u00a0 Las sesiones ser\u00e1n virtuales sincr\u00f3nicas a trav\u00e9s de la plataforma Teams, con la participaci\u00f3n de conferencistas id\u00f3neos en cada una de las tem\u00e1ticas.<\/p>\n\n\n\n<p>Abordar\u00e1 una metodolog\u00eda te\u00f3rico-pr\u00e1ctica basada en el m\u00e9todo de caso FED, a saber:<\/p>\n\n\n\n<p>1) F: Fundamentos te\u00f3ricos de los temas a ser desarrollados en cada m\u00f3dulo.<br>2) E: experiencia y casos de desarrollo o negocio sobre proyectos y escenarios reales Colombianos.<br>3) D: Desarrollo de conocimiento a partir de pr\u00e1cticas, entregables y ejercicios del participante.<\/p>\n\n\n\n<h3 class=\"wp-block-heading\"><strong>P\u00fablico objetivo<\/strong><\/h3>\n\n\n\n<p>Profesionales multidisciplinarios, empresarios y tomadores de decisiones en la transformaci\u00f3n de madera y negocio en marcha.<\/p>\n\n\n\n<h3 class=\"wp-block-heading\"><strong>Horario<\/strong><\/h3>\n\n\n\n<p>Martes, Mi\u00e9rcoles y Jueves, 5:30pm &#8211; 8:30pm&nbsp;&nbsp;&nbsp;<\/p>\n","protected":false},"excerpt":{"rendered":"<p>Objetivos: 1. Fortalecer las competencias de los profesionales vinculados con la transformaci\u00f3n de la madera2. Fortalecer competencias en toda la cadena de valor de la red forestal y de la madera haciendo la m\u00e1s sostenible Metodolog\u00eda y duraci\u00f3n: El diplomado tendr\u00e1 una intensidad de 102 horas acad\u00e9micas, distribuidas en 13 m\u00f3dulos.\u00a0 Las sesiones ser\u00e1n virtuales &hellip; <\/p>\n","protected":false},"author":1,"featured_media":1021,"parent":0,"menu_order":0,"comment_status":"closed","ping_status":"closed","template":"","meta":{"footnotes":""},"class_list":["post-711","page","type-page","status-publish","has-post-thumbnail","hentry"],"_links":{"self":[{"href":"https:\/\/fedemaderas.org.co\/diplomados\/wp-json\/wp\/v2\/pages\/711","targetHints":{"allow":["GET"]}}],"collection":[{"href":"https:\/\/fedemaderas.org.co\/diplomados\/wp-json\/wp\/v2\/pages"}],"about":[{"href":"https:\/\/fedemaderas.org.co\/diplomados\/wp-json\/wp\/v2\/types\/page"}],"author":[{"embeddable":true,"href":"https:\/\/fedemaderas.org.co\/diplomados\/wp-json\/wp\/v2\/users\/1"}],"replies":[{"embeddable":true,"href":"https:\/\/fedemaderas.org.co\/diplomados\/wp-json\/wp\/v2\/comments?post=711"}],"version-history":[{"count":6,"href":"https:\/\/fedemaderas.org.co\/diplomados\/wp-json\/wp\/v2\/pages\/711\/revisions"}],"predecessor-version":[{"id":967,"href":"https:\/\/fedemaderas.org.co\/diplomados\/wp-json\/wp\/v2\/pages\/711\/revisions\/967"}],"wp:featuredmedia":[{"embeddable":true,"href":"https:\/\/fedemaderas.org.co\/diplomados\/wp-json\/wp\/v2\/media\/1021"}],"wp:attachment":[{"href":"https:\/\/fedemaderas.org.co\/diplomados\/wp-json\/wp\/v2\/media?parent=711"}],"curies":[{"name":"wp","href":"https:\/\/api.w.org\/{rel}","templated":true}]}}