{"id":76,"date":"2023-04-26T07:47:09","date_gmt":"2023-04-26T12:47:09","guid":{"rendered":"https:\/\/fedemaderas.org.co\/diplomados\/?page_id=76"},"modified":"2025-06-27T07:14:52","modified_gmt":"2025-06-27T12:14:52","slug":"informacion","status":"publish","type":"page","link":"https:\/\/fedemaderas.org.co\/diplomados\/informacion\/","title":{"rendered":"Informaci\u00f3n"},"content":{"rendered":"\n<h3 class=\"wp-block-heading has-text-align-center\">5 de agosto al 16 de octubre<\/h3>\n\n\n\n<h3 class=\"wp-block-heading has-text-align-center has-text-color has-link-color wp-elements-1a925230e7601672ff417bdafe7c05c2\" style=\"color:#39a934\">Martes, mi\u00e9rcoles y jueves<br>5:30 a 8:30 p.m.<\/h3>\n\n\n\n<h4 class=\"wp-block-heading has-text-align-center\" id=\"block-f885ff83-4456-4dca-9212-daa6f2320035\"><strong>100% virtual<br>Plataforma Teams<\/strong><\/h4>\n\n\n\n<hr class=\"wp-block-separator has-alpha-channel-opacity\"\/>\n\n\n\n<h2 class=\"wp-block-heading has-text-align-center\">Metodolog\u00eda y duraci\u00f3n<\/h2>\n\n\n\n<p>El diplomado tendr\u00e1 una intensidad de 100 horas acad\u00e9micas, distribuidas en 13 m\u00f3dulos.&nbsp; Las sesiones ser\u00e1n virtuales sincr\u00f3nicas a trav\u00e9s de la plataforma Teams, con la participaci\u00f3n de conferencistas id\u00f3neos en cada una de las tem\u00e1ticas.<\/p>\n\n\n\n<p>Abordar\u00e1 una metodolog\u00eda te\u00f3rico-pr\u00e1ctica basada en el m\u00e9todo de caso FED, a saber:<\/p>\n\n\n\n<p>1) F: Fundamentos te\u00f3ricos de los temas a ser desarrollados en cada m\u00f3dulo.<br>2) E: experiencia y casos de desarrollo o negocio sobre proyectos y escenarios reales Colombianos.<br>3) D: Desarrollo de conocimiento a partir de pr\u00e1cticas, entregables y ejercicios del participante.<\/p>\n\n\n\n<hr class=\"wp-block-separator has-alpha-channel-opacity\"\/>\n\n\n\n<p><\/p>\n\n\n\n<h2 class=\"wp-block-heading has-text-align-center\">P\u00fablico objetivo<\/h2>\n\n\n\n<p>Profesionales multidisciplinarios, empresarios y tomadores de decisiones en la transformaci\u00f3n de madera y negocio en marcha.<\/p>\n","protected":false},"excerpt":{"rendered":"<p>5 de agosto al 16 de octubre Martes, mi\u00e9rcoles y jueves5:30 a 8:30 p.m. 100% virtualPlataforma Teams Metodolog\u00eda y duraci\u00f3n El diplomado tendr\u00e1 una intensidad de 100 horas acad\u00e9micas, distribuidas en 13 m\u00f3dulos.&nbsp; Las sesiones ser\u00e1n virtuales sincr\u00f3nicas a trav\u00e9s de la plataforma Teams, con la participaci\u00f3n de conferencistas id\u00f3neos en cada una de las &hellip; <\/p>\n","protected":false},"author":1,"featured_media":0,"parent":0,"menu_order":0,"comment_status":"closed","ping_status":"closed","template":"","meta":{"footnotes":""},"class_list":["post-76","page","type-page","status-publish","hentry"],"_links":{"self":[{"href":"https:\/\/fedemaderas.org.co\/diplomados\/wp-json\/wp\/v2\/pages\/76","targetHints":{"allow":["GET"]}}],"collection":[{"href":"https:\/\/fedemaderas.org.co\/diplomados\/wp-json\/wp\/v2\/pages"}],"about":[{"href":"https:\/\/fedemaderas.org.co\/diplomados\/wp-json\/wp\/v2\/types\/page"}],"author":[{"embeddable":true,"href":"https:\/\/fedemaderas.org.co\/diplomados\/wp-json\/wp\/v2\/users\/1"}],"replies":[{"embeddable":true,"href":"https:\/\/fedemaderas.org.co\/diplomados\/wp-json\/wp\/v2\/comments?post=76"}],"version-history":[{"count":13,"href":"https:\/\/fedemaderas.org.co\/diplomados\/wp-json\/wp\/v2\/pages\/76\/revisions"}],"predecessor-version":[{"id":970,"href":"https:\/\/fedemaderas.org.co\/diplomados\/wp-json\/wp\/v2\/pages\/76\/revisions\/970"}],"wp:attachment":[{"href":"https:\/\/fedemaderas.org.co\/diplomados\/wp-json\/wp\/v2\/media?parent=76"}],"curies":[{"name":"wp","href":"https:\/\/api.w.org\/{rel}","templated":true}]}}